{"id":6687,"date":"2023-12-27T12:26:23","date_gmt":"2023-12-27T11:26:23","guid":{"rendered":"https:\/\/www.noticiasdenavarra.com\/corporativos\/branded\/?page_id=6687"},"modified":"2024-10-07T10:27:32","modified_gmt":"2024-10-07T08:27:32","slug":"clasificadosdnn","status":"publish","type":"page","link":"https:\/\/corporativos.noticiasdenavarra.com\/branded\/clasificadosdnn\/","title":{"rendered":"ClasificadosDNN"},"content":{"rendered":"<p>[et_pb_section fb_built=\u00bb1&#8243; custom_padding_last_edited=\u00bbon|desktop\u00bb admin_label=\u00bbAbout Us \u00bb _builder_version=\u00bb4.23.3&#8243; background_color=\u00bb#e8e8e8&#8243; custom_margin_tablet=\u00bb\u00bb custom_margin_phone=\u00bb29px||0px||false|false\u00bb custom_margin_last_edited=\u00bbon|phone\u00bb custom_padding=\u00bb0px|0px|0px|0px|false|false\u00bb custom_padding_tablet=\u00bb100px|0px|60px|0px|false|false\u00bb custom_padding_phone=\u00bb0px||60px||false|false\u00bb global_colors_info=\u00bb{}\u00bb][et_pb_row _builder_version=\u00bb4.23.3&#8243; _module_preset=\u00bbdefault\u00bb module_alignment=\u00bbcenter\u00bb custom_margin=\u00bb0px||0px||false|false\u00bb custom_padding=\u00bb0px||||false|false\u00bb global_colors_info=\u00bb{}\u00bb][et_pb_column type=\u00bb4_4&#8243; _builder_version=\u00bb4.23.3&#8243; _module_preset=\u00bbdefault\u00bb global_colors_info=\u00bb{}\u00bb][et_pb_image src=\u00bbhttps:\/\/corporativos.noticiasdenavarra.com\/branded\/wp-content\/uploads\/sites\/2\/2023\/12\/cabecera-clasificados-wp.png\u00bb title_text=\u00bbcabecera-clasificados-wp\u00bb _builder_version=\u00bb4.23.3&#8243; _module_preset=\u00bbdefault\u00bb global_colors_info=\u00bb{}\u00bb][\/et_pb_image][\/et_pb_column][\/et_pb_row][et_pb_row _builder_version=\u00bb4.23.3&#8243; _module_preset=\u00bbdefault\u00bb custom_margin_tablet=\u00bb\u00bb custom_margin_phone=\u00bb\u00bb custom_margin_last_edited=\u00bbon|phone\u00bb custom_padding=\u00bb15px||||false|false\u00bb global_colors_info=\u00bb{}\u00bb][et_pb_column type=\u00bb4_4&#8243; _builder_version=\u00bb4.23.3&#8243; _module_preset=\u00bbdefault\u00bb global_colors_info=\u00bb{}\u00bb][et_pb_text content_tablet=\u00bb<\/p>\n<p><strong>CONTRATACI\u00d3N DE ANUNCIOS CLASIFICADOS<\/strong><\/p>\n<p>\u00bb content_phone=\u00bb<\/p>\n<p><strong>CONTRATACI\u00d3N DE ANUNCIOS CLASIFICADOS<\/strong><\/p>\n<p>\u00bb content_last_edited=\u00bboff|desktop\u00bb _builder_version=\u00bb4.23.3&#8243; _module_preset=\u00bbdefault\u00bb text_font=\u00bbArchivo Black||||||||\u00bb text_text_color=\u00bb#000000&#8243; text_font_size=\u00bb24px\u00bb global_colors_info=\u00bb{}\u00bb]<\/p>\n<p style=\"text-align: left\"><strong>CONTRATACI\u00d3N DE ANUNCIOS CLASIFICADOS<\/strong><\/p>\n<p>[\/et_pb_text][et_pb_text content_last_edited=\u00bboff|desktop\u00bb _builder_version=\u00bb4.23.3&#8243; _module_preset=\u00bbdefault\u00bb text_text_color=\u00bb#000000&#8243; custom_margin=\u00bb0px||-15px||false|false\u00bb custom_padding=\u00bb0px||0px||false|false\u00bb global_colors_info=\u00bb{}\u00bb]<\/p>\n<p style=\"text-align: justify\"><strong><em>\u00bfC\u00f3mo Anunciarse?<\/em><\/strong><\/p>\n<p style=\"text-align: justify\">Si desea contratar un anuncio en la secci\u00f3n Clasificados de Diario de Noticias\u00a0escr\u00edbanos a <a href=\"mailto:comercial@noticiasdenavarra.com\">comercial@noticiasdenavarra.com<\/a>\u00a0<\/p>\n<p style=\"text-align: justify\"><em>Contrataci\u00f3n a partir de un mes de duraci\u00f3n ininterrumpida y a trav\u00e9s de formato de mini m\u00f3dulos.\u00a0<\/em><\/p>\n<p>&nbsp;<\/p>\n<p>[\/et_pb_text][\/et_pb_column][\/et_pb_row][et_pb_row _builder_version=\u00bb4.27.2&#8243; _module_preset=\u00bbdefault\u00bb global_colors_info=\u00bb{}\u00bb][et_pb_column type=\u00bb4_4&#8243; _builder_version=\u00bb4.27.2&#8243; _module_preset=\u00bbdefault\u00bb global_colors_info=\u00bb{}\u00bb][et_pb_image src=\u00bbhttps:\/\/corporativos.noticiasdenavarra.com\/branded\/wp-content\/uploads\/sites\/2\/2024\/10\/plantilla-minimodulos.jpg\u00bb title_text=\u00bbplantilla-minimodulos\u00bb _builder_version=\u00bb4.27.2&#8243; _module_preset=\u00bbdefault\u00bb hover_enabled=\u00bb0&#8243; global_colors_info=\u00bb{}\u00bb sticky_enabled=\u00bb0&#8243;][\/et_pb_image][\/et_pb_column][\/et_pb_row][et_pb_row _builder_version=\u00bb4.23.3&#8243; _module_preset=\u00bbdefault\u00bb global_colors_info=\u00bb{}\u00bb][et_pb_column type=\u00bb4_4&#8243; _builder_version=\u00bb4.23.3&#8243; _module_preset=\u00bbdefault\u00bb global_colors_info=\u00bb{}\u00bb][et_pb_text _builder_version=\u00bb4.23.3&#8243; _module_preset=\u00bbdefault\u00bb text_font_size=\u00bb10px\u00bb text_line_height=\u00bb1.4em\u00bb global_colors_info=\u00bb{}\u00bb]<\/p>\n<p style=\"text-align: justify\">ZEROA MULTIMEDIA, S.A. es el Responsable del tratamiento de los datos personales del Interesado y le informa que estos datos ser\u00e1n tratados de conformidad con lo dispuesto en el Reglamento (UE) 2016\/679 de 27 de abril de 2016 (GDPR), por lo que se le facilita la siguiente informaci\u00f3n del tratamiento. Fin del tratamiento: Participar en esta promoci\u00f3n. Criterios de conservaci\u00f3n de los datos: se conservar\u00e1n mientras exista un inter\u00e9s mutuo para mantener el fin del tratamiento y cuando ya no sea necesario para tal fin, se suprimir\u00e1n con medidas de seguridad adecuadas para garantizar la seudonimizaci\u00f3n de los datos o la destrucci\u00f3n total de los mismos. Comunicaci\u00f3n de los datos: no se comunicar\u00e1n los datos a terceros, salvo obligaci\u00f3n legal. Derechos que asisten al Interesado: Derecho a retirar el consentimiento en cualquier momento. Derecho de acceso, rectificaci\u00f3n, portabilidad y supresi\u00f3n de sus datos y a la limitaci\u00f3n u oposici\u00f3n a su tratamiento. Derecho a presentar una reclamaci\u00f3n ante la Autoridad de control (agpd.es) si considera que el tratamiento no se ajusta a la normativa vigente. Datos de contacto para ejercer sus derechos: ZEROA MULTIMEDIA, S.A. Pol. Ind.Areta C\/Altzutzate, 10 31620 Huarte (NAVARRA). Email: marketing@noticiasdenavarra.com.<\/p>\n<p>[\/et_pb_text][\/et_pb_column][\/et_pb_row][\/et_pb_section]<\/p>\n","protected":false},"excerpt":{"rendered":"<p>CONTRATACI\u00d3N DE ANUNCIOS CLASIFICADOS\u00bfC\u00f3mo Anunciarse? Si desea contratar un anuncio en la secci\u00f3n Clasificados de Diario de Noticias\u00a0escr\u00edbanos a comercial@noticiasdenavarra.com\u00a0 Contrataci\u00f3n a partir de un mes de duraci\u00f3n ininterrumpida y a trav\u00e9s de formato de mini m\u00f3dulos.\u00a0 &nbsp;ZEROA MULTIMEDIA, S.A. es el Responsable del tratamiento de los datos personales del Interesado y le informa que [&hellip;]<\/p>\n","protected":false},"author":8,"featured_media":0,"parent":0,"menu_order":0,"comment_status":"closed","ping_status":"closed","template":"page-template-blank.php","meta":{"_et_pb_use_builder":"on","_et_pb_old_content":"","_et_gb_content_width":"","_uag_custom_page_level_css":"","footnotes":""},"categories":[],"tags":[],"class_list":["post-6687","page","type-page","status-publish","hentry"],"uagb_featured_image_src":{"full":false,"thumbnail":false,"medium":false,"medium_large":false,"large":false,"1536x1536":false,"2048x2048":false,"et-pb-post-main-image":false,"et-pb-post-main-image-fullwidth":false,"et-pb-portfolio-image":false,"et-pb-portfolio-module-image":false,"et-pb-portfolio-image-single":false,"et-pb-gallery-module-image-portrait":false,"et-pb-post-main-image-fullwidth-large":false,"et-pb-image--responsive--desktop":false,"et-pb-image--responsive--tablet":false,"et-pb-image--responsive--phone":false},"uagb_author_info":{"display_name":"fpunal","author_link":"https:\/\/corporativos.noticiasdenavarra.com\/branded\/author\/fpunal\/"},"uagb_comment_info":0,"uagb_excerpt":"CONTRATACI\u00d3N DE ANUNCIOS CLASIFICADOS\u00bfC\u00f3mo Anunciarse? Si desea contratar un anuncio en la secci\u00f3n Clasificados de Diario de Noticias\u00a0escr\u00edbanos a comercial@noticiasdenavarra.com\u00a0 Contrataci\u00f3n a partir de un mes de duraci\u00f3n ininterrumpida y a trav\u00e9s de formato de mini m\u00f3dulos.\u00a0 &nbsp;ZEROA MULTIMEDIA, S.A. es el Responsable del tratamiento de los datos personales del Interesado y le informa que&hellip;","_links":{"self":[{"href":"https:\/\/corporativos.noticiasdenavarra.com\/branded\/wp-json\/wp\/v2\/pages\/6687","targetHints":{"allow":["GET"]}}],"collection":[{"href":"https:\/\/corporativos.noticiasdenavarra.com\/branded\/wp-json\/wp\/v2\/pages"}],"about":[{"href":"https:\/\/corporativos.noticiasdenavarra.com\/branded\/wp-json\/wp\/v2\/types\/page"}],"author":[{"embeddable":true,"href":"https:\/\/corporativos.noticiasdenavarra.com\/branded\/wp-json\/wp\/v2\/users\/8"}],"replies":[{"embeddable":true,"href":"https:\/\/corporativos.noticiasdenavarra.com\/branded\/wp-json\/wp\/v2\/comments?post=6687"}],"version-history":[{"count":42,"href":"https:\/\/corporativos.noticiasdenavarra.com\/branded\/wp-json\/wp\/v2\/pages\/6687\/revisions"}],"predecessor-version":[{"id":7137,"href":"https:\/\/corporativos.noticiasdenavarra.com\/branded\/wp-json\/wp\/v2\/pages\/6687\/revisions\/7137"}],"wp:attachment":[{"href":"https:\/\/corporativos.noticiasdenavarra.com\/branded\/wp-json\/wp\/v2\/media?parent=6687"}],"wp:term":[{"taxonomy":"category","embeddable":true,"href":"https:\/\/corporativos.noticiasdenavarra.com\/branded\/wp-json\/wp\/v2\/categories?post=6687"},{"taxonomy":"post_tag","embeddable":true,"href":"https:\/\/corporativos.noticiasdenavarra.com\/branded\/wp-json\/wp\/v2\/tags?post=6687"}],"curies":[{"name":"wp","href":"https:\/\/api.w.org\/{rel}","templated":true}]}}