{"id":7018,"date":"2024-06-24T12:01:54","date_gmt":"2024-06-24T10:01:54","guid":{"rendered":"https:\/\/www.noticiasdenavarra.com\/corporativos\/branded\/?page_id=7018"},"modified":"2024-07-06T15:14:01","modified_gmt":"2024-07-06T13:14:01","slug":"san-fermin-2024-actualidad","status":"publish","type":"page","link":"https:\/\/corporativos.noticiasdenavarra.com\/branded\/san-fermin-2024-actualidad\/","title":{"rendered":"san fermin 2024 actualidad"},"content":{"rendered":"<p>[et_pb_section fb_built=\u00bb1&#8243; admin_label=\u00bbHero Section\u00bb _builder_version=\u00bb4.17.4&#8243; use_background_color_gradient=\u00bbon\u00bb background_color_gradient_direction=\u00bb131deg\u00bb background_color_gradient_stops=\u00bb#ff6a88 0%|#ff99ac 100%\u00bb background_color_gradient_start=\u00bb#ff6a88&#8243; background_color_gradient_end=\u00bb#ff99ac\u00bb background_image=\u00bbhttps:\/\/corporativos.noticiasdenavarra.com\/branded\/wp-content\/uploads\/sites\/2\/2022\/05\/prueba2-fondo.jpg\u00bb custom_padding=\u00bb25px|0px|100px|0px|false|false\u00bb animation_style=\u00bbslide\u00bb animation_direction=\u00bbtop\u00bb animation_intensity_slide=\u00bb2%\u00bb animation_starting_opacity=\u00bb100%\u00bb global_colors_info=\u00bb{}\u00bb][et_pb_row column_structure=\u00bb2_5,3_5&#8243; _builder_version=\u00bb4.17.0&#8243; max_width=\u00bb1440px\u00bb custom_margin=\u00bb0px||||false|false\u00bb custom_margin_tablet=\u00bb0px||||false|false\u00bb custom_margin_phone=\u00bb-39px||||false|false\u00bb custom_margin_last_edited=\u00bbon|phone\u00bb use_custom_width=\u00bbon\u00bb custom_width_px=\u00bb1440px\u00bb global_colors_info=\u00bb{}\u00bb][et_pb_column type=\u00bb2_5&#8243; _builder_version=\u00bb4.17.0&#8243; custom_padding=\u00bb40px|||178px|false|false\u00bb custom_padding_tablet=\u00bb40px|||0px|false|false\u00bb custom_padding_phone=\u00bb|||0px|false|false\u00bb custom_padding_last_edited=\u00bbon|desktop\u00bb global_colors_info=\u00bb{}\u00bb custom_padding__hover=\u00bb|||\u00bb][et_pb_image src=\u00bbhttps:\/\/corporativos.noticiasdenavarra.com\/branded\/wp-content\/uploads\/sites\/2\/2022\/04\/logo-noticiasdenavarra.png\u00bb title_text=\u00bblogo-noticiasdenavarra\u00bb url=\u00bbhttps:\/\/www.noticiasdenavarra.com\/\u00bb _builder_version=\u00bb4.25.2&#8243; _module_preset=\u00bbdefault\u00bb custom_margin=\u00bb-17px||||false|false\u00bb global_colors_info=\u00bb{}\u00bb][\/et_pb_image][et_pb_image src=\u00bbhttps:\/\/corporativos.noticiasdenavarra.com\/branded\/wp-content\/uploads\/sites\/2\/2024\/06\/sf24.gif\u00bb title_text=\u00bbsf24&#8243; url=\u00bbhttps:\/\/corporativos.noticiasdenavarra.com\/branded\/san-fermin\/\u00bb _builder_version=\u00bb4.25.2&#8243; _module_preset=\u00bbdefault\u00bb custom_margin=\u00bb|||-3px|false|false\u00bb custom_padding=\u00bb0px|||||\u00bb animation_style=\u00bbfade\u00bb animation_duration=\u00bb2000ms\u00bb global_colors_info=\u00bb{}\u00bb][\/et_pb_image][et_pb_text content_tablet=\u00bb<\/p>\n<div class=%22moz-cite-prefix%22 style=%22text-align: left;%22><strong>LA GU\u00cdA COMPLETA<\/strong><\/div>\n<p>\u00bb content_phone=\u00bb<\/p>\n<div class=%22moz-cite-prefix%22 style=%22text-align: left;%22><strong>LA GU\u00cdA COMPLETA<\/strong><\/div>\n<p>\u00bb content_last_edited=\u00bbon|desktop\u00bb _builder_version=\u00bb4.17.4&#8243; text_font=\u00bbPoppins||||||||\u00bb text_text_color=\u00bb#000000&#8243; text_font_size=\u00bb23px\u00bb text_line_height=\u00bb1.8em\u00bb header_font=\u00bb||||||||\u00bb min_height=\u00bb50.8px\u00bb custom_margin=\u00bb-38px|0px|||false|false\u00bb custom_margin_tablet=\u00bb|50px|||false|false\u00bb custom_margin_phone=\u00bb|-15px|||false|false\u00bb custom_margin_last_edited=\u00bbon|phone\u00bb custom_padding=\u00bb5px|23px|||false|false\u00bb custom_padding_tablet=\u00bb|23px|||false|false\u00bb custom_padding_phone=\u00bb|0px|||false|false\u00bb custom_padding_last_edited=\u00bbon|phone\u00bb text_text_color_tablet=\u00bb#000000&#8243; text_text_color_phone=\u00bb#000000&#8243; text_text_color_last_edited=\u00bbon|phone\u00bb text_font_size_tablet=\u00bb22px\u00bb text_font_size_phone=\u00bb22px\u00bb text_font_size_last_edited=\u00bbon|phone\u00bb locked=\u00bboff\u00bb global_colors_info=\u00bb{}\u00bb]<\/p>\n<div class=\"moz-cite-prefix\" style=\"text-align: left;\"><strong>LA GU\u00cdA COMPLETA<\/strong><\/div>\n<p>[\/et_pb_text][\/et_pb_column][et_pb_column type=\u00bb3_5&#8243; _builder_version=\u00bb4.16&#8243; custom_padding=\u00bb|||\u00bb global_colors_info=\u00bb{}\u00bb custom_padding__hover=\u00bb|||\u00bb][et_pb_image src=\u00bbhttps:\/\/corporativos.noticiasdenavarra.com\/branded\/wp-content\/uploads\/sites\/2\/2022\/05\/corredor-1.png\u00bb title_text=\u00bbcorredor\u00bb show_bottom_space=\u00bboff\u00bb src_tablet=\u00bbhttps:\/\/corporativos.noticiasdenavarra.com\/branded\/wp-content\/uploads\/sites\/2\/2022\/05\/corredor-1.png\u00bb src_phone=\u00bbhttps:\/\/corporativos.noticiasdenavarra.com\/branded\/wp-content\/uploads\/sites\/2\/2022\/05\/corredor-1.png\u00bb src_last_edited=\u00bbon|phone\u00bb disabled_on=\u00bboff|off|off\u00bb _builder_version=\u00bb4.17.4&#8243; max_height=\u00bb507px\u00bb max_height_tablet=\u00bb507px\u00bb max_height_phone=\u00bb507px\u00bb max_height_last_edited=\u00bbon|desktop\u00bb custom_margin=\u00bb-22px|||-50px|false|false\u00bb custom_margin_tablet=\u00bb-22px|||-50px|false|false\u00bb custom_margin_phone=\u00bb8px|||-50px|false|false\u00bb custom_margin_last_edited=\u00bbon|phone\u00bb animation_style=\u00bbslide\u00bb animation_direction=\u00bbright\u00bb animation_duration=\u00bb2000ms\u00bb animation_intensity_slide=\u00bb6%\u00bb always_center_on_mobile=\u00bboff\u00bb global_colors_info=\u00bb{}\u00bb][\/et_pb_image][\/et_pb_column][\/et_pb_row][\/et_pb_section][et_pb_section fb_built=\u00bb1&#8243; disabled_on=\u00bboff|off|off\u00bb admin_label=\u00bbProducts\u00bb _builder_version=\u00bb4.25.2&#8243; _module_preset=\u00bbdefault\u00bb background_color=\u00bb#D6D6D6&#8243; custom_margin=\u00bb11px||-1px|||\u00bb custom_padding=\u00bb0px||5px|||\u00bb locked=\u00bboff\u00bb collapsed=\u00bbon\u00bb global_colors_info=\u00bb{}\u00bb][et_pb_row _builder_version=\u00bb4.17.4&#8243; _module_preset=\u00bbdefault\u00bb custom_margin=\u00bb2px|auto|10px|auto||\u00bb custom_padding=\u00bb||0px||false|false\u00bb global_colors_info=\u00bb{}\u00bb][et_pb_column type=\u00bb4_4&#8243; _builder_version=\u00bb4.17.4&#8243; _module_preset=\u00bbdefault\u00bb global_colors_info=\u00bb{}\u00bb][et_pb_text content_last_edited=\u00bboff|desktop\u00bb _builder_version=\u00bb4.25.2&#8243; _module_preset=\u00bbe6504a1b-67eb-4b3d-b023-bcab277610b6&#8243; header_4_font=\u00bbInter|700||on|||||\u00bb header_4_text_color=\u00bb#E02B20&#8243; header_4_font_size=\u00bb20px\u00bb header_4_letter_spacing=\u00bb0.3em\u00bb header_4_line_height=\u00bb1.4em\u00bb text_orientation=\u00bbcenter\u00bb custom_margin=\u00bb||0px||false|false\u00bb custom_padding=\u00bb||1px|||\u00bb link_option_url=\u00bbhttps:\/\/www.noticiasdenavarra.com\/elecciones-en-navarra\/\u00bb header_4_font_size_tablet=\u00bb20px\u00bb header_4_font_size_phone=\u00bb14px\u00bb header_4_font_size_last_edited=\u00bbon|phone\u00bb global_colors_info=\u00bb{}\u00bb]<\/p>\n<h4><strong>ACTUALIDAD DE SAN FERM\u00cdN\u00b424<\/strong><\/h4>\n<p>[\/et_pb_text][et_pb_divider color=\u00bb#000000&#8243; divider_weight=\u00bb1px\u00bb _builder_version=\u00bb4.21.0&#8243; _module_preset=\u00bbdefault\u00bb global_colors_info=\u00bb{}\u00bb][\/et_pb_divider][\/et_pb_column][\/et_pb_row][et_pb_row column_structure=\u00bb1_5,1_5,1_5,1_5,1_5&#8243; _builder_version=\u00bb4.25.2&#8243; _module_preset=\u00bbdefault\u00bb max_width=\u00bbnone\u00bb custom_padding=\u00bb3px||74px|||\u00bb global_colors_info=\u00bb{}\u00bb][et_pb_column type=\u00bb1_5&#8243; _builder_version=\u00bb4.25.2&#8243; _module_preset=\u00bbdefault\u00bb link_option_url=\u00bbhttps:\/\/www.noticiasdenavarra.com\/san-fermin\/2024\/06\/19\/programa-san-fermin-2024-dia-8376279.html\u00bb global_colors_info=\u00bb{}\u00bb][et_pb_image src=\u00bbhttps:\/\/corporativos.noticiasdenavarra.com\/branded\/wp-content\/uploads\/sites\/2\/2024\/06\/SAN-FERMIN6-1.jpg\u00bb title_text=\u00bbSAN FERMIN6 (1)\u00bb url=\u00bbhttps:\/\/www.noticiasdenavarra.com\/san-fermin\/2024\/06\/19\/programa-san-fermin-2024-dia-8376279.html\u00bb _builder_version=\u00bb4.25.2&#8243; _module_preset=\u00bbdefault\u00bb custom_margin=\u00bb1px||7px||false|false\u00bb custom_padding=\u00bb0px||3px|||\u00bb box_shadow_style=\u00bbpreset3&#8243; global_colors_info=\u00bb{}\u00bb][\/et_pb_image][et_pb_button button_url=\u00bbhttps:\/\/www.noticiasdenavarra.com\/san-fermin\/2024\/06\/19\/programa-san-fermin-2024-dia-8376279.html\u00bb button_text=\u00bbactos sf\u00b424&#8243; _builder_version=\u00bb4.25.2&#8243; _module_preset=\u00bbdb46e67d-9505-40bb-9ebd-8901bc8b3a95&#8243; custom_button=\u00bbon\u00bb button_text_size=\u00bb21px\u00bb button_text_color=\u00bb#E02B20&#8243; button_bg_color=\u00bbRGBA(255,255,255,0)\u00bb button_border_width=\u00bb0px\u00bb button_border_color=\u00bb#000000&#8243; button_border_radius=\u00bb0px\u00bb button_font=\u00bbInter|700||on|||||\u00bb custom_margin=\u00bb0px|||||\u00bb custom_padding=\u00bb0px|0px|0px|0px|true|true\u00bb global_colors_info=\u00bb{}\u00bb][\/et_pb_button][\/et_pb_column][et_pb_column type=\u00bb1_5&#8243; _builder_version=\u00bb4.25.2&#8243; _module_preset=\u00bbdefault\u00bb link_option_url=\u00bbhttps:\/\/www.noticiasdenavarra.com\/san-fermin\/2024\/05\/29\/cartel-ganaderias-toreros-feria-san-8292967.html\u00bb global_colors_info=\u00bb{}\u00bb][et_pb_image src=\u00bbhttps:\/\/corporativos.noticiasdenavarra.com\/branded\/wp-content\/uploads\/sites\/2\/2024\/06\/San-Fermin7.jpg\u00bb title_text=\u00bbSan Ferm\u00edn7&#8243; url=\u00bbhttps:\/\/www.noticiasdenavarra.com\/san-fermin\/2024\/05\/29\/cartel-ganaderias-toreros-feria-san-8292967.html\u00bb _builder_version=\u00bb4.25.2&#8243; _module_preset=\u00bbdefault\u00bb custom_margin=\u00bb1px||7px||false|false\u00bb custom_padding=\u00bb0px||3px|||\u00bb box_shadow_style=\u00bbpreset3&#8243; global_colors_info=\u00bb{}\u00bb][\/et_pb_image][et_pb_button button_url=\u00bbhttps:\/\/www.noticiasdenavarra.com\/san-fermin\/2024\/05\/29\/cartel-ganaderias-toreros-feria-san-8292967.html\u00bb button_text=\u00bbferia del toro\u00bb _builder_version=\u00bb4.25.2&#8243; _module_preset=\u00bbdb46e67d-9505-40bb-9ebd-8901bc8b3a95&#8243; custom_button=\u00bbon\u00bb button_text_size=\u00bb21px\u00bb button_text_color=\u00bb#E02B20&#8243; button_bg_color=\u00bbRGBA(255,255,255,0)\u00bb button_border_width=\u00bb0px\u00bb button_border_color=\u00bb#000000&#8243; button_border_radius=\u00bb0px\u00bb button_font=\u00bbInter|700||on|||||\u00bb custom_margin=\u00bb0px|||||\u00bb custom_padding=\u00bb0px|0px|0px|0px|true|true\u00bb global_colors_info=\u00bb{}\u00bb][\/et_pb_button][\/et_pb_column][et_pb_column type=\u00bb1_5&#8243; _builder_version=\u00bb4.25.2&#8243; _module_preset=\u00bbdefault\u00bb link_option_url=\u00bbhttps:\/\/www.noticiasdenavarra.com\/san-fermin\/2024\/05\/21\/conciertos-san-fermin-2024-izaro-drogas-8260847.html\u00bb global_colors_info=\u00bb{}\u00bb][et_pb_image src=\u00bbhttps:\/\/corporativos.noticiasdenavarra.com\/branded\/wp-content\/uploads\/sites\/2\/2024\/06\/san-fermin8.jpg\u00bb title_text=\u00bbsan fermin8&#8243; url=\u00bbhttps:\/\/www.noticiasdenavarra.com\/san-fermin\/2024\/05\/21\/conciertos-san-fermin-2024-izaro-drogas-8260847.html\u00bb _builder_version=\u00bb4.25.2&#8243; _module_preset=\u00bbdefault\u00bb custom_margin=\u00bb1px||7px||false|false\u00bb custom_padding=\u00bb0px||3px|||\u00bb box_shadow_style=\u00bbpreset3&#8243; global_colors_info=\u00bb{}\u00bb][\/et_pb_image][et_pb_button button_url=\u00bbhttps:\/\/www.noticiasdenavarra.com\/san-fermin\/2024\/05\/21\/conciertos-san-fermin-2024-izaro-drogas-8260847.html\u00bb button_text=\u00bbCONCIERTOS \u00bb _builder_version=\u00bb4.25.2&#8243; _module_preset=\u00bbdb46e67d-9505-40bb-9ebd-8901bc8b3a95&#8243; custom_button=\u00bbon\u00bb button_text_size=\u00bb22px\u00bb button_text_color=\u00bb#E02B20&#8243; button_bg_color=\u00bbRGBA(255,255,255,0)\u00bb button_border_width=\u00bb0px\u00bb button_border_color=\u00bb#000000&#8243; button_border_radius=\u00bb0px\u00bb button_font=\u00bbInter|700||on|||||\u00bb custom_margin=\u00bb0px|||||\u00bb custom_padding=\u00bb0px|0px|0px|0px|true|true\u00bb global_colors_info=\u00bb{}\u00bb][\/et_pb_button][\/et_pb_column][et_pb_column type=\u00bb1_5&#8243; _builder_version=\u00bb4.25.2&#8243; _module_preset=\u00bbdefault\u00bb link_option_url=\u00bbhttps:\/\/www.noticiasdenavarra.com\/san-fermin\/2024\/05\/08\/angel-blanco-autor-cartel-san-8208558.html\u00bb global_colors_info=\u00bb{}\u00bb][et_pb_image src=\u00bbhttps:\/\/corporativos.noticiasdenavarra.com\/branded\/wp-content\/uploads\/sites\/2\/2024\/06\/San-FermiN9-2.jpg\u00bb title_text=\u00bbSan Ferm\u00edN9&#8243; url=\u00bbhttps:\/\/www.noticiasdenavarra.com\/san-fermin\/2024\/05\/08\/angel-blanco-autor-cartel-san-8208558.html\u00bb _builder_version=\u00bb4.25.2&#8243; _module_preset=\u00bbdefault\u00bb custom_margin=\u00bb1px||7px||false|false\u00bb custom_padding=\u00bb0px||3px|||\u00bb box_shadow_style=\u00bbpreset3&#8243; global_colors_info=\u00bb{}\u00bb][\/et_pb_image][et_pb_button button_url=\u00bbhttps:\/\/www.noticiasdenavarra.com\/san-fermin\/2024\/05\/08\/angel-blanco-autor-cartel-san-8208558.html\u00bb button_text=\u00bbCARTEL\u00b424&#8243; _builder_version=\u00bb4.25.2&#8243; _module_preset=\u00bbdb46e67d-9505-40bb-9ebd-8901bc8b3a95&#8243; custom_button=\u00bbon\u00bb button_text_size=\u00bb22px\u00bb button_text_color=\u00bb#E02B20&#8243; button_bg_color=\u00bbRGBA(255,255,255,0)\u00bb button_border_width=\u00bb0px\u00bb button_border_color=\u00bb#000000&#8243; button_border_radius=\u00bb0px\u00bb button_font=\u00bbInter|700||on|||||\u00bb custom_margin=\u00bb0px|||||\u00bb custom_padding=\u00bb0px|0px|0px|0px|true|true\u00bb global_colors_info=\u00bb{}\u00bb][\/et_pb_button][\/et_pb_column][et_pb_column type=\u00bb1_5&#8243; _builder_version=\u00bb4.25.2&#8243; _module_preset=\u00bbdefault\u00bb link_option_url=\u00bbhttps:\/\/www.noticiasdenavarra.com\/pamplona\/2024\/06\/18\/tres-dantzaris-chupinazo-2024-8371396.html\u00bb global_colors_info=\u00bb{}\u00bb][et_pb_image src=\u00bbhttps:\/\/corporativos.noticiasdenavarra.com\/branded\/wp-content\/uploads\/sites\/2\/2024\/06\/San-Fermin10.jpg\u00bb title_text=\u00bbSan Ferm\u00edn10&#8243; url=\u00bbhttps:\/\/www.noticiasdenavarra.com\/pamplona\/2024\/06\/18\/tres-dantzaris-chupinazo-2024-8371396.html\u00bb _builder_version=\u00bb4.25.2&#8243; _module_preset=\u00bbdefault\u00bb custom_margin=\u00bb1px||7px||false|false\u00bb custom_padding=\u00bb0px||3px|||\u00bb box_shadow_style=\u00bbpreset3&#8243; global_colors_info=\u00bb{}\u00bb][\/et_pb_image][et_pb_button button_url=\u00bbhttps:\/\/www.noticiasdenavarra.com\/pamplona\/2024\/06\/18\/tres-dantzaris-chupinazo-2024-8371396.html\u00bb button_text=\u00bbCHUPINAZO\u00bb _builder_version=\u00bb4.25.2&#8243; _module_preset=\u00bbdb46e67d-9505-40bb-9ebd-8901bc8b3a95&#8243; custom_button=\u00bbon\u00bb button_text_size=\u00bb22px\u00bb button_text_color=\u00bb#E02B20&#8243; button_bg_color=\u00bbRGBA(255,255,255,0)\u00bb button_border_width=\u00bb0px\u00bb button_border_color=\u00bb#000000&#8243; button_border_radius=\u00bb0px\u00bb button_font=\u00bbInter|700||on|||||\u00bb custom_margin=\u00bb0px|||||\u00bb custom_padding=\u00bb0px|0px|0px|0px|true|true\u00bb global_colors_info=\u00bb{}\u00bb][\/et_pb_button][\/et_pb_column][\/et_pb_row][et_pb_row column_structure=\u00bb1_5,1_5,1_5,1_5,1_5&#8243; _builder_version=\u00bb4.25.2&#8243; _module_preset=\u00bbdefault\u00bb max_width=\u00bbnone\u00bb custom_padding=\u00bb3px||74px|||\u00bb global_colors_info=\u00bb{}\u00bb][et_pb_column type=\u00bb1_5&#8243; _builder_version=\u00bb4.25.2&#8243; _module_preset=\u00bbdefault\u00bb link_option_url=\u00bbhttps:\/\/www.noticiasdenavarra.com\/san-fermin\/2024\/06\/19\/programa-san-fermin-2024-dia-8376279.html\u00bb global_colors_info=\u00bb{}\u00bb][et_pb_image title_text=\u00bbsf1&#8243; url=\u00bbhttps:\/\/www.noticiasdenavarra.com\/fotos\/general\/sanfermines\/2024\/07\/06\/fotos-chupinazo-san-fermin-2024-estalla-fiesta-8446308.html\u00bb _builder_version=\u00bb4.26.0&#8243; _module_preset=\u00bbdefault\u00bb custom_margin=\u00bb1px||7px||false|false\u00bb custom_padding=\u00bb0px||3px|||\u00bb hover_enabled=\u00bb0&#8243; box_shadow_style=\u00bbpreset3&#8243; global_colors_info=\u00bb{}\u00bb src=\u00bbhttps:\/\/corporativos.noticiasdenavarra.com\/branded\/wp-content\/uploads\/sites\/2\/2024\/07\/sf1.jpg\u00bb sticky_enabled=\u00bb0&#8243;][\/et_pb_image][et_pb_button button_url=\u00bbhttps:\/\/www.noticiasdenavarra.com\/fotos\/general\/sanfermines\/2024\/07\/06\/fotos-chupinazo-san-fermin-2024-estalla-fiesta-8446308.html\u00bb button_text=\u00bbestalla el chupinazo\u00bb _builder_version=\u00bb4.26.0&#8243; _module_preset=\u00bbdb46e67d-9505-40bb-9ebd-8901bc8b3a95&#8243; custom_button=\u00bbon\u00bb button_text_size=\u00bb21px\u00bb button_text_color=\u00bb#E02B20&#8243; button_bg_color=\u00bbRGBA(255,255,255,0)\u00bb button_border_width=\u00bb0px\u00bb button_border_color=\u00bb#000000&#8243; button_border_radius=\u00bb0px\u00bb button_font=\u00bbInter|700||on|||||\u00bb custom_margin=\u00bb0px|||||\u00bb custom_padding=\u00bb0px|0px|0px|0px|true|true\u00bb hover_enabled=\u00bb0&#8243; global_colors_info=\u00bb{}\u00bb sticky_enabled=\u00bb0&#8243;][\/et_pb_button][\/et_pb_column][et_pb_column type=\u00bb1_5&#8243; _builder_version=\u00bb4.25.2&#8243; _module_preset=\u00bbdefault\u00bb link_option_url=\u00bbhttps:\/\/www.noticiasdenavarra.com\/san-fermin\/2024\/05\/29\/cartel-ganaderias-toreros-feria-san-8292967.html\u00bb global_colors_info=\u00bb{}\u00bb][et_pb_image title_text=\u00bbsf2&#8243; url=\u00bbhttps:\/\/www.noticiasdenavarra.com\/videos\/general\/sanfermines\/2024\/07\/06\/san-fermin-2024-pamplona-vibra-8446569.html\u00bb _builder_version=\u00bb4.26.0&#8243; _module_preset=\u00bbdefault\u00bb custom_margin=\u00bb1px||7px||false|false\u00bb custom_padding=\u00bb0px||3px|||\u00bb hover_enabled=\u00bb0&#8243; box_shadow_style=\u00bbpreset3&#8243; global_colors_info=\u00bb{}\u00bb src=\u00bbhttps:\/\/corporativos.noticiasdenavarra.com\/branded\/wp-content\/uploads\/sites\/2\/2024\/07\/sf2.jpg\u00bb sticky_enabled=\u00bb0&#8243;][\/et_pb_image][et_pb_button button_url=\u00bbhttps:\/\/www.noticiasdenavarra.com\/videos\/general\/sanfermines\/2024\/07\/06\/san-fermin-2024-pamplona-vibra-8446569.html\u00bb button_text=\u00bb\u00a1\u00e1nimo pues!\u00bb _builder_version=\u00bb4.26.0&#8243; _module_preset=\u00bbdb46e67d-9505-40bb-9ebd-8901bc8b3a95&#8243; custom_button=\u00bbon\u00bb button_text_size=\u00bb21px\u00bb button_text_color=\u00bb#E02B20&#8243; button_bg_color=\u00bbRGBA(255,255,255,0)\u00bb button_border_width=\u00bb0px\u00bb button_border_color=\u00bb#000000&#8243; button_border_radius=\u00bb0px\u00bb button_font=\u00bbInter|700||on|||||\u00bb custom_margin=\u00bb0px|||||\u00bb custom_padding=\u00bb0px|0px|0px|0px|true|true\u00bb hover_enabled=\u00bb0&#8243; global_colors_info=\u00bb{}\u00bb sticky_enabled=\u00bb0&#8243;][\/et_pb_button][\/et_pb_column][et_pb_column type=\u00bb1_5&#8243; _builder_version=\u00bb4.25.2&#8243; _module_preset=\u00bbdefault\u00bb link_option_url=\u00bbhttps:\/\/www.noticiasdenavarra.com\/san-fermin\/2024\/05\/21\/conciertos-san-fermin-2024-izaro-drogas-8260847.html\u00bb global_colors_info=\u00bb{}\u00bb][\/et_pb_column][et_pb_column type=\u00bb1_5&#8243; _builder_version=\u00bb4.25.2&#8243; _module_preset=\u00bbdefault\u00bb link_option_url=\u00bbhttps:\/\/www.noticiasdenavarra.com\/san-fermin\/2024\/05\/08\/angel-blanco-autor-cartel-san-8208558.html\u00bb global_colors_info=\u00bb{}\u00bb][\/et_pb_column][et_pb_column type=\u00bb1_5&#8243; _builder_version=\u00bb4.25.2&#8243; _module_preset=\u00bbdefault\u00bb link_option_url=\u00bbhttps:\/\/www.noticiasdenavarra.com\/pamplona\/2024\/06\/18\/tres-dantzaris-chupinazo-2024-8371396.html\u00bb global_colors_info=\u00bb{}\u00bb][\/et_pb_column][\/et_pb_row][\/et_pb_section][et_pb_section fb_built=\u00bb1&#8243; admin_label=\u00bbFooter Section\u00bb _builder_version=\u00bb4.25.2&#8243; background_color=\u00bbrgba(224,43,33,0.94)\u00bb custom_margin=\u00bb-23px|||||\u00bb custom_padding=\u00bb17px|0px|11px|0px||\u00bb saved_tabs=\u00bball\u00bb global_colors_info=\u00bb{}\u00bb][et_pb_row column_structure=\u00bb1_2,1_4,1_4&#8243; admin_label=\u00bbFooter Row\u00bb _builder_version=\u00bb4.16&#8243; global_colors_info=\u00bb{}\u00bb][et_pb_column type=\u00bb1_2&#8243; _builder_version=\u00bb4.16&#8243; custom_padding=\u00bb|||\u00bb global_colors_info=\u00bb{}\u00bb custom_padding__hover=\u00bb|||\u00bb][et_pb_image src=\u00bbhttps:\/\/corporativos.noticiasdenavarra.com\/branded\/wp-content\/uploads\/sites\/2\/2021\/09\/cabecera.png\u00bb title_text=\u00bbcabecera\u00bb url=\u00bbhttps:\/\/www.noticiasdenavarra.com\/\u00bb align_tablet=\u00bbcenter\u00bb align_phone=\u00bb\u00bb align_last_edited=\u00bbon|desktop\u00bb admin_label=\u00bblogo\u00bb _builder_version=\u00bb4.16&#8243; max_width=\u00bb79%\u00bb global_colors_info=\u00bb{}\u00bb][\/et_pb_image][\/et_pb_column][et_pb_column type=\u00bb1_4&#8243; _builder_version=\u00bb4.16&#8243; custom_padding=\u00bb|||\u00bb global_colors_info=\u00bb{}\u00bb custom_padding__hover=\u00bb|||\u00bb][et_pb_social_media_follow _builder_version=\u00bb4.16&#8243; _module_preset=\u00bbdefault\u00bb text_orientation=\u00bbcenter\u00bb global_colors_info=\u00bb{}\u00bb][et_pb_social_media_follow_network social_network=\u00bbfacebook\u00bb url=\u00bbhttps:\/\/www.facebook.com\/NoticiasNavarra\u00bb _builder_version=\u00bb4.16&#8243; _module_preset=\u00bbdefault\u00bb background_color=\u00bb#3b5998&#8243; global_colors_info=\u00bb{}\u00bb follow_button=\u00bboff\u00bb url_new_window=\u00bbon\u00bb]facebook[\/et_pb_social_media_follow_network][et_pb_social_media_follow_network social_network=\u00bbtwitter\u00bb url=\u00bbhttps:\/\/twitter.com\/NoticiasNavarra?ref_src=twsrc%5Egoogle%7Ctwcamp%5Eserp%7Ctwgr%5Eauthor\u00bb _builder_version=\u00bb4.22.2&#8243; _module_preset=\u00bbdefault\u00bb background_color=\u00bb#000000&#8243; global_colors_info=\u00bb{}\u00bb follow_button=\u00bboff\u00bb url_new_window=\u00bbon\u00bb]twitter[\/et_pb_social_media_follow_network][et_pb_social_media_follow_network social_network=\u00bbinstagram\u00bb url=\u00bbhttps:\/\/www.instagram.com\/noticiasnavarra_oficial\/?hl=es\u00bb _builder_version=\u00bb4.16&#8243; _module_preset=\u00bbdefault\u00bb background_color=\u00bb#ea2c59&#8243; global_colors_info=\u00bb{}\u00bb follow_button=\u00bboff\u00bb url_new_window=\u00bbon\u00bb]instagram[\/et_pb_social_media_follow_network][\/et_pb_social_media_follow][\/et_pb_column][et_pb_column type=\u00bb1_4&#8243; _builder_version=\u00bb4.16&#8243; custom_padding=\u00bb|||\u00bb global_colors_info=\u00bb{}\u00bb custom_padding__hover=\u00bb|||\u00bb][et_pb_text admin_label=\u00bbLinks\u00bb _builder_version=\u00bb4.16&#8243; text_font=\u00bbOpen Sans|600|||||||\u00bb text_text_color=\u00bb#ffffff\u00bb text_font_size=\u00bb12px\u00bb text_line_height=\u00bb1.4em\u00bb link_font=\u00bbOpen Sans|600|||||||\u00bb link_text_color=\u00bb#ffffff\u00bb link_line_height=\u00bb2.5em\u00bb header_font=\u00bb||||||||\u00bb header_2_font=\u00bb||||||||\u00bb header_3_font=\u00bb||||||||\u00bb header_6_font=\u00bbOswald|500||on|||||\u00bb header_6_text_color=\u00bbrgba(255,255,255,0.4)\u00bb header_6_letter_spacing=\u00bb2px\u00bb header_6_line_height=\u00bb1.7em\u00bb text_orientation=\u00bbcenter\u00bb background_layout=\u00bbdark\u00bb module_alignment=\u00bbcenter\u00bb custom_margin=\u00bb|||\u00bb custom_margin_tablet=\u00bb0px|||\u00bb custom_margin_phone=\u00bb|||\u00bb custom_margin_last_edited=\u00bboff|desktop\u00bb text_line_height_last_edited=\u00bboff|desktop\u00bb global_colors_info=\u00bb{}\u00bb]<\/p>\n<p>Proyecto elaborado por Diario de Noticias. Dise\u00f1o: Itxaso Mitxitorena<br \/><em>Queda prohibida cualquier reproducci\u00f3n, uso o cesi\u00f3n.<\/em><\/p>\n<p>[\/et_pb_text][\/et_pb_column][\/et_pb_row][\/et_pb_section]<\/p>\n","protected":false},"excerpt":{"rendered":"<p>LA GU\u00cdA COMPLETAACTUALIDAD DE SAN FERM\u00cdN\u00b424Proyecto elaborado por Diario de Noticias. Dise\u00f1o: Itxaso MitxitorenaQueda prohibida cualquier reproducci\u00f3n, uso o cesi\u00f3n.<\/p>\n","protected":false},"author":2,"featured_media":0,"parent":0,"menu_order":0,"comment_status":"closed","ping_status":"closed","template":"page-template-blank.php","meta":{"_et_pb_use_builder":"on","_et_pb_old_content":"","_et_gb_content_width":"","_uag_custom_page_level_css":"","footnotes":""},"categories":[],"tags":[],"class_list":["post-7018","page","type-page","status-publish","hentry"],"uagb_featured_image_src":{"full":false,"thumbnail":false,"medium":false,"medium_large":false,"large":false,"1536x1536":false,"2048x2048":false,"et-pb-post-main-image":false,"et-pb-post-main-image-fullwidth":false,"et-pb-portfolio-image":false,"et-pb-portfolio-module-image":false,"et-pb-portfolio-image-single":false,"et-pb-gallery-module-image-portrait":false,"et-pb-post-main-image-fullwidth-large":false,"et-pb-image--responsive--desktop":false,"et-pb-image--responsive--tablet":false,"et-pb-image--responsive--phone":false},"uagb_author_info":{"display_name":"Itxaso Mitxitorena","author_link":"https:\/\/corporativos.noticiasdenavarra.com\/branded\/author\/imitxitorena\/"},"uagb_comment_info":0,"uagb_excerpt":"LA GU\u00cdA COMPLETAACTUALIDAD DE SAN FERM\u00cdN\u00b424Proyecto elaborado por Diario de Noticias. Dise\u00f1o: Itxaso MitxitorenaQueda prohibida cualquier reproducci\u00f3n, uso o cesi\u00f3n.","_links":{"self":[{"href":"https:\/\/corporativos.noticiasdenavarra.com\/branded\/wp-json\/wp\/v2\/pages\/7018","targetHints":{"allow":["GET"]}}],"collection":[{"href":"https:\/\/corporativos.noticiasdenavarra.com\/branded\/wp-json\/wp\/v2\/pages"}],"about":[{"href":"https:\/\/corporativos.noticiasdenavarra.com\/branded\/wp-json\/wp\/v2\/types\/page"}],"author":[{"embeddable":true,"href":"https:\/\/corporativos.noticiasdenavarra.com\/branded\/wp-json\/wp\/v2\/users\/2"}],"replies":[{"embeddable":true,"href":"https:\/\/corporativos.noticiasdenavarra.com\/branded\/wp-json\/wp\/v2\/comments?post=7018"}],"version-history":[{"count":9,"href":"https:\/\/corporativos.noticiasdenavarra.com\/branded\/wp-json\/wp\/v2\/pages\/7018\/revisions"}],"predecessor-version":[{"id":7117,"href":"https:\/\/corporativos.noticiasdenavarra.com\/branded\/wp-json\/wp\/v2\/pages\/7018\/revisions\/7117"}],"wp:attachment":[{"href":"https:\/\/corporativos.noticiasdenavarra.com\/branded\/wp-json\/wp\/v2\/media?parent=7018"}],"wp:term":[{"taxonomy":"category","embeddable":true,"href":"https:\/\/corporativos.noticiasdenavarra.com\/branded\/wp-json\/wp\/v2\/categories?post=7018"},{"taxonomy":"post_tag","embeddable":true,"href":"https:\/\/corporativos.noticiasdenavarra.com\/branded\/wp-json\/wp\/v2\/tags?post=7018"}],"curies":[{"name":"wp","href":"https:\/\/api.w.org\/{rel}","templated":true}]}}